{"id":186,"date":"2021-09-30T07:14:43","date_gmt":"2021-09-30T07:14:43","guid":{"rendered":"http:\/\/www.gutes-restaurant.at\/kopfundkoerper01\/?page_id=186"},"modified":"2021-09-30T07:23:33","modified_gmt":"2021-09-30T07:23:33","slug":"lebens-und-sozialberater","status":"publish","type":"page","link":"https:\/\/www.isabellatrimmel.at\/index.php\/lebens-und-sozialberater\/","title":{"rendered":"Lebens- und Sozialberatung"},"content":{"rendered":"\t\t<div data-elementor-type=\"wp-page\" data-elementor-id=\"186\" class=\"elementor elementor-186\">\n\t\t\t\t\t\t<section class=\"elementor-section elementor-top-section elementor-element elementor-element-2666a80 elementor-section-boxed elementor-section-height-default elementor-section-height-default\" data-id=\"2666a80\" data-element_type=\"section\">\n\t\t\t\t\t\t<div class=\"elementor-container elementor-column-gap-default\">\n\t\t\t\t\t<div class=\"elementor-column elementor-col-100 elementor-top-column elementor-element elementor-element-e7edad8\" data-id=\"e7edad8\" data-element_type=\"column\">\n\t\t\t<div class=\"elementor-widget-wrap elementor-element-populated\">\n\t\t\t\t\t\t<div class=\"elementor-element elementor-element-82ddaa8 elementor-widget elementor-widget-image\" data-id=\"82ddaa8\" data-element_type=\"widget\" data-widget_type=\"image.default\">\n\t\t\t\t<div class=\"elementor-widget-container\">\n\t\t\t\t\t\t\t\t\t\t\t\t\t\t\t<img fetchpriority=\"high\" decoding=\"async\" width=\"640\" height=\"203\" src=\"https:\/\/www.isabellatrimmel.at\/wp-content\/uploads\/2021\/09\/Lebens-1024x324.jpg\" class=\"attachment-large size-large wp-image-187\" alt=\"\" srcset=\"https:\/\/www.isabellatrimmel.at\/wp-content\/uploads\/2021\/09\/Lebens-1024x324.jpg 1024w, https:\/\/www.isabellatrimmel.at\/wp-content\/uploads\/2021\/09\/Lebens-300x95.jpg 300w, https:\/\/www.isabellatrimmel.at\/wp-content\/uploads\/2021\/09\/Lebens-768x243.jpg 768w, https:\/\/www.isabellatrimmel.at\/wp-content\/uploads\/2021\/09\/Lebens-1536x485.jpg 1536w, https:\/\/www.isabellatrimmel.at\/wp-content\/uploads\/2021\/09\/Lebens-2048x647.jpg 2048w\" sizes=\"(max-width: 640px) 100vw, 640px\" \/>\t\t\t\t\t\t\t\t\t\t\t\t\t\t\t<\/div>\n\t\t\t\t<\/div>\n\t\t\t\t\t<\/div>\n\t\t<\/div>\n\t\t\t\t\t<\/div>\n\t\t<\/section>\n\t\t\t\t<section class=\"elementor-section elementor-top-section elementor-element elementor-element-bdbd601 elementor-section-boxed elementor-section-height-default elementor-section-height-default\" data-id=\"bdbd601\" data-element_type=\"section\">\n\t\t\t\t\t\t<div class=\"elementor-container elementor-column-gap-default\">\n\t\t\t\t\t<div class=\"elementor-column elementor-col-100 elementor-top-column elementor-element elementor-element-e5c890a\" data-id=\"e5c890a\" data-element_type=\"column\">\n\t\t\t<div class=\"elementor-widget-wrap elementor-element-populated\">\n\t\t\t\t\t\t<div class=\"elementor-element elementor-element-a87b8fe elementor-widget elementor-widget-heading\" data-id=\"a87b8fe\" data-element_type=\"widget\" data-widget_type=\"heading.default\">\n\t\t\t\t<div class=\"elementor-widget-container\">\n\t\t\t\t\t<h2 class=\"elementor-heading-title elementor-size-default\">\u201eDie Bestimmung eines Menschen ist niemals ein Ort, sondern vielmehr eine neue Art, die Dinge zu sehen.\u201c<\/h2>\t\t\t\t<\/div>\n\t\t\t\t<\/div>\n\t\t\t\t\t<\/div>\n\t\t<\/div>\n\t\t\t\t\t<\/div>\n\t\t<\/section>\n\t\t\t\t<section class=\"elementor-section elementor-top-section elementor-element elementor-element-816e6b9 elementor-section-boxed elementor-section-height-default elementor-section-height-default\" data-id=\"816e6b9\" data-element_type=\"section\">\n\t\t\t\t\t\t<div class=\"elementor-container elementor-column-gap-default\">\n\t\t\t\t\t<div class=\"elementor-column elementor-col-100 elementor-top-column elementor-element elementor-element-2746081\" data-id=\"2746081\" data-element_type=\"column\">\n\t\t\t<div class=\"elementor-widget-wrap elementor-element-populated\">\n\t\t\t\t\t\t<div class=\"elementor-element elementor-element-05073d4 elementor-widget elementor-widget-text-editor\" data-id=\"05073d4\" data-element_type=\"widget\" data-widget_type=\"text-editor.default\">\n\t\t\t\t<div class=\"elementor-widget-container\">\n\t\t\t\t\t\t\t\t\t<p>\u00a0Henri Miller<\/p><p>\u00a0<\/p>\t\t\t\t\t\t\t\t<\/div>\n\t\t\t\t<\/div>\n\t\t\t\t\t<\/div>\n\t\t<\/div>\n\t\t\t\t\t<\/div>\n\t\t<\/section>\n\t\t\t\t<section class=\"elementor-section elementor-top-section elementor-element elementor-element-2eee362 elementor-section-boxed elementor-section-height-default elementor-section-height-default\" data-id=\"2eee362\" data-element_type=\"section\">\n\t\t\t\t\t\t<div class=\"elementor-container elementor-column-gap-default\">\n\t\t\t\t\t<div class=\"elementor-column elementor-col-100 elementor-top-column elementor-element elementor-element-b9beb15\" data-id=\"b9beb15\" data-element_type=\"column\">\n\t\t\t<div class=\"elementor-widget-wrap elementor-element-populated\">\n\t\t\t\t\t\t<div class=\"elementor-element elementor-element-20e7b16 elementor-widget elementor-widget-text-editor\" data-id=\"20e7b16\" data-element_type=\"widget\" data-widget_type=\"text-editor.default\">\n\t\t\t\t<div class=\"elementor-widget-container\">\n\t\t\t\t\t\t\t\t\t<h2>Lebens u. Sozialberatung\/Begleitung<\/h2><p>Lebens- und Sozialberatung ist eine professionelle Beratung und Betreuung von Menschen in Problem- und Entscheidungssituationen. Der Fokus in dieser Begleitung richtet sich darauf aus, belastende und schwer zu bew\u00e4ltigende Situationen zu erleichtern, zu ver\u00e4ndern und einer L\u00f6sung n\u00e4her zu bringen.<br \/>Dipl. Lebens- und SozialberaterInnen sind zur psychologischen Beratung mit\u00a0<strong>Ausnahme der Psychotherapie<\/strong>\u00a0berechtigt.<\/p><p><strong>Ein\/e LebensberaterIn ( LSB ) darf ausschlie\u00dflich mit gesunden Personen arbeiten.<\/strong><br \/>LSB d\u00fcrfen beratend zur Seite stehen und nur KlientInnen begleiten, bei denen KEINE psychischen Erkrankungen vorliegen.<\/p><h2>Lebens- u. Sozialberatung nach der Methode YOGA INDIVIDUELL<\/h2><p>Im Unterschied zur herk\u00f6mmlichen Lebens- u. Sozialberatung zeigt sich in der Methode Yoga Individuell der entscheidende Aspekt f\u00fcr langfristige Probleml\u00f6sungen in der K\u00f6rperintegration.<\/p><h3 align=\"center\">Leben ist Bewegung \u2013 Bewegung ist Leben!<\/h3><p>Unser Verstand ist ein m\u00e4chtiges Werkzeug \u2026 wir k\u00f6nnen lernen, denken und unserem Denken Glauben schenken\u2026.. doch lassen sich auf diesem Weg unsere Probleme meist nur erkl\u00e4ren und verdr\u00e4ngen, bestenfalls verstehen. \u201eDoch was f\u00fchrt zur L\u00f6sung der Probleme und beschert mir ein leichtes, freudvolles und gl\u00fcckliches Leben?\u201c Die Antwort liegt im K\u00f6rper!<\/p><p>\u00a0<\/p><h2>Ein Dialog mit dem K\u00f6rper \u2013 K\u00f6rperperformance:<\/h2><p>Die Methoden dieser Beratung und Begleitung sind individuell und vielf\u00e4ltig. Ich als Berater fungiere als Dolmetscher zwischen Kopf und K\u00f6rper, d.h. ich h\u00f6re und sp\u00fcre die Geschichte und setze Impulse, die dem Menschen erm\u00f6glichen seine Antworten zu finden.<\/p>\t\t\t\t\t\t\t\t<\/div>\n\t\t\t\t<\/div>\n\t\t\t\t\t<\/div>\n\t\t<\/div>\n\t\t\t\t\t<\/div>\n\t\t<\/section>\n\t\t\t\t<\/div>\n\t\t","protected":false},"excerpt":{"rendered":"<p>\u201eDie Bestimmung eines Menschen ist niemals ein Ort, sondern vielmehr eine neue Art, die Dinge zu sehen.\u201c &nbsp;Henri Miller Lebens u. Sozialberatung\/Begleitung Lebens- und Sozialberatung ist eine professionelle Beratung und Betreuung von Menschen in Problem- und Entscheidungssituationen. Der Fokus in dieser Begleitung richtet sich darauf aus, belastende und schwer zu bew\u00e4ltigende Situationen zu erleichtern, zu [&hellip;]<\/p>\n","protected":false},"author":1,"featured_media":0,"parent":0,"menu_order":0,"comment_status":"closed","ping_status":"closed","template":"","meta":{"footnotes":""},"class_list":["post-186","page","type-page","status-publish","hentry"],"_links":{"self":[{"href":"https:\/\/www.isabellatrimmel.at\/index.php\/wp-json\/wp\/v2\/pages\/186","targetHints":{"allow":["GET"]}}],"collection":[{"href":"https:\/\/www.isabellatrimmel.at\/index.php\/wp-json\/wp\/v2\/pages"}],"about":[{"href":"https:\/\/www.isabellatrimmel.at\/index.php\/wp-json\/wp\/v2\/types\/page"}],"author":[{"embeddable":true,"href":"https:\/\/www.isabellatrimmel.at\/index.php\/wp-json\/wp\/v2\/users\/1"}],"replies":[{"embeddable":true,"href":"https:\/\/www.isabellatrimmel.at\/index.php\/wp-json\/wp\/v2\/comments?post=186"}],"version-history":[{"count":4,"href":"https:\/\/www.isabellatrimmel.at\/index.php\/wp-json\/wp\/v2\/pages\/186\/revisions"}],"predecessor-version":[{"id":191,"href":"https:\/\/www.isabellatrimmel.at\/index.php\/wp-json\/wp\/v2\/pages\/186\/revisions\/191"}],"wp:attachment":[{"href":"https:\/\/www.isabellatrimmel.at\/index.php\/wp-json\/wp\/v2\/media?parent=186"}],"curies":[{"name":"wp","href":"https:\/\/api.w.org\/{rel}","templated":true}]}}