{"id":118,"date":"2021-09-22T17:46:10","date_gmt":"2021-09-22T17:46:10","guid":{"rendered":"http:\/\/www.gutes-restaurant.at\/kopfundkoerper01\/?page_id=118"},"modified":"2021-09-22T17:46:10","modified_gmt":"2021-09-22T17:46:10","slug":"shiatsu","status":"publish","type":"page","link":"https:\/\/www.isabellatrimmel.at\/index.php\/shiatsu\/","title":{"rendered":"Shiatsu"},"content":{"rendered":"\n<figure class=\"wp-block-image size-large\"><img fetchpriority=\"high\" decoding=\"async\" width=\"1024\" height=\"324\" src=\"https:\/\/www.isabellatrimmel.at\/wp-content\/uploads\/2021\/09\/Shiatsu-1024x324.jpg\" alt=\"\" class=\"wp-image-119\" srcset=\"https:\/\/www.isabellatrimmel.at\/wp-content\/uploads\/2021\/09\/Shiatsu-1024x324.jpg 1024w, https:\/\/www.isabellatrimmel.at\/wp-content\/uploads\/2021\/09\/Shiatsu-300x95.jpg 300w, https:\/\/www.isabellatrimmel.at\/wp-content\/uploads\/2021\/09\/Shiatsu-768x243.jpg 768w, https:\/\/www.isabellatrimmel.at\/wp-content\/uploads\/2021\/09\/Shiatsu-1536x485.jpg 1536w, https:\/\/www.isabellatrimmel.at\/wp-content\/uploads\/2021\/09\/Shiatsu-2048x647.jpg 2048w\" sizes=\"(max-width: 1024px) 100vw, 1024px\" \/><\/figure>\n\n\n\n<h2 class=\"has-text-align-center wp-block-heading\"><strong>\u201eDie wahre Lebenskunst besteht darin,<br>im Allt\u00e4glichen das Wunderbare zu sehen.\u201c<\/strong><\/h2>\n\n\n\n<h2 class=\"wp-block-heading\">Hara Shiatsu<\/h2>\n\n\n\n<p>nach Tomas Nelissen<\/p>\n\n\n\n<p><strong>Hara<\/strong>&nbsp;bedeutet die tragende Mitte des Menschen, in der er selbst und alle Aktivit\u00e4t wurzelt. Dort &nbsp;befinden sich alle wichtigen Organe und K\u00f6rperfunktionen.<\/p>\n\n\n\n<p><strong>Shiatsu<\/strong>&nbsp;kommt aus Japan und bedeutet w\u00f6rtlich \u00fcbersetzt \u201eFingerdruck\u201c. Das Wissen von Shiatsu basiert auf der Traditionellen Chinesischen Medizin (TCM).<\/p>\n\n\n\n<p>Shiatsu wird mittels sanften Drucks \u00fcber Finger, H\u00e4nde, Ellbogen oder Knie ausge\u00fcbt. Durch Meridiandehnungen und Rotationen kommt es zu einer wohltuenden und tiefen Wirkung, die die Selbstheilungskr\u00e4fte des Klienten aktiviert.&nbsp; Diese Art von Behandlung wirkt sich positiv auf das Gleichgewicht zwischen k\u00f6rperlicher, geistiger und seelischer Ebene aus.<\/p>\n\n\n\n<p>Shiatsu ist eine wertvolle Erg\u00e4nzung zu herk\u00f6mmlichen Behandlungsmethoden der klassischen Schulmedizin \u2013 ersetzt jedoch keinen Arztbesuch.<\/p>\n\n\n\n<p><em>Shiatsu wirkt vorbeugend und dient zur Erhaltung der Gesundheit!<\/em><\/p>\n\n\n\n<ul class=\"wp-block-list\"><li>Die Behandlung findet meist am Boden auf einer bequemen Matte statt, eventuell auch auf einer Liege oder auf dem Shiatsusessel.<\/li><li>Der Klient bleibt bekleidet (T-Shirt, lange Trainingshose, frische Socken).<\/li><li>Die erste Behandlung dauert ca. 90 Minuten, da ein genauer energetischer Status erhoben wird.<\/li><li>Die folgenden Behandlungen dauern bei Erwachsenen ca. 50 Minuten, bei Kindern ca. 30 Minuten<\/li><li>Im Durchschnitt sind 10 Behandlungen in regelm\u00e4\u00dfigen Abst\u00e4nden \u2013 je nach Problematik \u2013 empfehlenswert.<\/li><li>Gerne erstelle ich Ihnen eine Body-Mind Analyse mit wertvollen umsetzbaren Ern\u00e4hrungstipps und K\u00f6rper\u00fcbungen. (Siehe Yoga Individuell)<\/li><\/ul>\n\n\n\n<p><strong>K\u00f6nnen Sie eins der nachfolgenden Themen bei sich erkennen ? \u2026.<\/strong><\/p>\n\n\n\n<ul class=\"wp-block-list\"><li>&nbsp;M\u00fcdigkeit (vor allem am Morgen) und Ersch\u00f6pfungszust\u00e4nden untertags<\/li><li>Stresssymptome wie z.B. Burn Out, Verspannungen, Migr\u00e4ne, Panikattacken<\/li><li>Depression, Traurigkeit, Lustlosigkeit, Angstthemen<\/li><li>Essst\u00f6rungen (Anorexie, Bulimie, Frustessen, Appetitlosigkeit,\u2026)<\/li><li>Schlafst\u00f6rungen (Ein- u. Durchschlafprobleme, h\u00e4ufiges urinieren w\u00e4hrend der Nacht)<\/li><li>Chronische Beschwerden (Migr\u00e4ne, Verdauungsprobleme, R\u00fcckenschmerzen, Blasenentz\u00fcndungen etc.)<\/li><li>Gyn\u00e4kologischen Beschwerden wie z.B. Menstruationsprobleme (PMS, unregelm\u00e4\u00dfiger Zyklus), Endometriose, Zysten\/ Myome, unerf\u00fcllter Kinderwunsch, Klimakterium<\/li><li>Sexuelle St\u00f6rungen (Erektionsprobleme, mangelnde Libido)<\/li><li>Beschwerden des Bewegungsapparates (H\u00fcft u. Schulterprobleme, frozen sholder, Tennisarm, Knie u. Gelenksprobleme,\u2026)<\/li><li>Bei \u00e4lteren Personen: Inkontinenz, Einsamkeit, Ber\u00fchrungsmangel<\/li><li>Bei Kindern: Konzentrationsschwierigkeiten, ADHS, Bettn\u00e4ssen, Essst\u00f6rungen<\/li><\/ul>\n\n\n\n<p>&nbsp;<strong>\u2026.dann ist es h\u00f6chste Zeit, aber nie zu sp\u00e4t!!!<\/strong><\/p>\n","protected":false},"excerpt":{"rendered":"<p>\u201eDie wahre Lebenskunst besteht darin,im Allt\u00e4glichen das Wunderbare zu sehen.\u201c Hara Shiatsu nach Tomas Nelissen Hara&nbsp;bedeutet die tragende Mitte des Menschen, in der er selbst und alle Aktivit\u00e4t wurzelt. Dort &nbsp;befinden sich alle wichtigen Organe und K\u00f6rperfunktionen. Shiatsu&nbsp;kommt aus Japan und bedeutet w\u00f6rtlich \u00fcbersetzt \u201eFingerdruck\u201c. Das Wissen von Shiatsu basiert auf der Traditionellen Chinesischen Medizin [&hellip;]<\/p>\n","protected":false},"author":1,"featured_media":0,"parent":0,"menu_order":0,"comment_status":"closed","ping_status":"closed","template":"","meta":{"footnotes":""},"class_list":["post-118","page","type-page","status-publish","hentry"],"_links":{"self":[{"href":"https:\/\/www.isabellatrimmel.at\/index.php\/wp-json\/wp\/v2\/pages\/118","targetHints":{"allow":["GET"]}}],"collection":[{"href":"https:\/\/www.isabellatrimmel.at\/index.php\/wp-json\/wp\/v2\/pages"}],"about":[{"href":"https:\/\/www.isabellatrimmel.at\/index.php\/wp-json\/wp\/v2\/types\/page"}],"author":[{"embeddable":true,"href":"https:\/\/www.isabellatrimmel.at\/index.php\/wp-json\/wp\/v2\/users\/1"}],"replies":[{"embeddable":true,"href":"https:\/\/www.isabellatrimmel.at\/index.php\/wp-json\/wp\/v2\/comments?post=118"}],"version-history":[{"count":1,"href":"https:\/\/www.isabellatrimmel.at\/index.php\/wp-json\/wp\/v2\/pages\/118\/revisions"}],"predecessor-version":[{"id":120,"href":"https:\/\/www.isabellatrimmel.at\/index.php\/wp-json\/wp\/v2\/pages\/118\/revisions\/120"}],"wp:attachment":[{"href":"https:\/\/www.isabellatrimmel.at\/index.php\/wp-json\/wp\/v2\/media?parent=118"}],"curies":[{"name":"wp","href":"https:\/\/api.w.org\/{rel}","templated":true}]}}